{"id":6,"date":"2025-01-17T16:03:06","date_gmt":"2025-01-17T15:03:06","guid":{"rendered":"https:\/\/concept-renov.fr\/?page_id=6"},"modified":"2025-01-17T16:51:19","modified_gmt":"2025-01-17T15:51:19","slug":"accueil","status":"publish","type":"page","link":"https:\/\/concept-renov.fr\/","title":{"rendered":"Accueil"},"content":{"rendered":"\t\t<div data-elementor-type=\"wp-page\" data-elementor-id=\"6\" class=\"elementor elementor-6\">\n\t\t\t\t<div class=\"elementor-element elementor-element-cc8d504 e-flex e-con-boxed e-con e-parent\" data-id=\"cc8d504\" data-element_type=\"container\">\n\t\t\t\t\t<div class=\"e-con-inner\">\n\t\t\t\t<div class=\"elementor-element elementor-element-170a445 elementor-widget__width-initial elementor-widget elementor-widget-heading\" data-id=\"170a445\" data-element_type=\"widget\" data-widget_type=\"heading.default\">\n\t\t\t\t<div class=\"elementor-widget-container\">\n\t\t\t\t\t<h2 class=\"elementor-heading-title elementor-size-default\">Bienvenue chez Concep-Renov<\/h2>\t\t\t\t<\/div>\n\t\t\t\t<\/div>\n\t\t\t\t\t<\/div>\n\t\t\t\t<\/div>\n\t\t<header class=\"elementor-element elementor-element-99abe24 e-con-full e-flex e-con e-parent\" data-id=\"99abe24\" data-element_type=\"container\">\n\t\t<div class=\"elementor-element elementor-element-82a4055 e-con-full e-flex e-con e-child\" data-id=\"82a4055\" data-element_type=\"container\">\n\t\t\t\t<div class=\"elementor-element elementor-element-5a610bd7 elementor-widget elementor-widget-image\" data-id=\"5a610bd7\" data-element_type=\"widget\" data-widget_type=\"image.default\">\n\t\t\t\t<div class=\"elementor-widget-container\">\n\t\t\t\t\t\t\t\t\t\t\t\t\t\t\t<img fetchpriority=\"high\" decoding=\"async\" width=\"1280\" height=\"853\" src=\"https:\/\/concept-renov.fr\/wp-content\/uploads\/2025\/01\/floor-plan-1857175_1280.jpg\" class=\"attachment-full size-full wp-image-11\" alt=\"\" srcset=\"https:\/\/concept-renov.fr\/wp-content\/uploads\/2025\/01\/floor-plan-1857175_1280.jpg 1280w, https:\/\/concept-renov.fr\/wp-content\/uploads\/2025\/01\/floor-plan-1857175_1280-300x200.jpg 300w, https:\/\/concept-renov.fr\/wp-content\/uploads\/2025\/01\/floor-plan-1857175_1280-1024x682.jpg 1024w, https:\/\/concept-renov.fr\/wp-content\/uploads\/2025\/01\/floor-plan-1857175_1280-768x512.jpg 768w\" sizes=\"(max-width: 1280px) 100vw, 1280px\" \/>\t\t\t\t\t\t\t\t\t\t\t\t\t\t\t<\/div>\n\t\t\t\t<\/div>\n\t\t\t\t<\/div>\n\t\t<div class=\"elementor-element elementor-element-49b4de77 e-con-full e-flex e-con e-child\" data-id=\"49b4de77\" data-element_type=\"container\">\n\t\t\t\t<div class=\"elementor-element elementor-element-0636d24 elementor-widget elementor-widget-text-editor\" data-id=\"0636d24\" data-element_type=\"widget\" data-widget_type=\"text-editor.default\">\n\t\t\t\t<div class=\"elementor-widget-container\">\n\t\t\t\t\t\t\t\t\t<p>Votre expert en Pl\u00e2trerie, Joints, Peinture et Isolation int\u00e9rieure<\/p><p>Vous recherchez des professionnels qualifi\u00e9s pour donner vie \u00e0 vos projets de r\u00e9novation ou d\u2019am\u00e9nagement int\u00e9rieur ? Nous sommes l\u00e0 pour vous accompagner !<\/p><p>Sp\u00e9cialis\u00e9s dans les travaux de pl\u00e2trerie, la r\u00e9alisation de joints impeccables, la peinture sur mesure et l&#8217;optimisation de votre isolation int\u00e9rieure, nous mettons notre savoir-faire au service de votre confort et de l\u2019esth\u00e9tique de vos espaces.<br \/>Vous avez un projet, nous sommes ici pour le r\u00e9aliser.<\/p>\t\t\t\t\t\t\t\t<\/div>\n\t\t\t\t<\/div>\n\t\t\t\t<\/div>\n\t\t\t\t<\/header>\n\t\t<div class=\"elementor-element elementor-element-430fcd8d e-con-full e-flex e-con e-parent\" data-id=\"430fcd8d\" data-element_type=\"container\">\n\t\t<div class=\"elementor-element elementor-element-3661c49 e-con-full e-flex e-con e-child\" data-id=\"3661c49\" data-element_type=\"container\">\n\t\t\t\t<div class=\"elementor-element elementor-element-5d5f4b4e elementor-widget__width-initial elementor-widget elementor-widget-heading\" data-id=\"5d5f4b4e\" data-element_type=\"widget\" data-widget_type=\"heading.default\">\n\t\t\t\t<div class=\"elementor-widget-container\">\n\t\t\t\t\t<h1 class=\"elementor-heading-title elementor-size-default\">Pourquoi nous choisir ?<\/h1>\t\t\t\t<\/div>\n\t\t\t\t<\/div>\n\t\t\t\t<div class=\"elementor-element elementor-element-641471b1 elementor-widget elementor-widget-text-editor\" data-id=\"641471b1\" data-element_type=\"widget\" data-widget_type=\"text-editor.default\">\n\t\t\t\t<div class=\"elementor-widget-container\">\n\t\t\t\t\t\t\t\t\t<p><audio class=\"audio-for-speech\"><\/audio><\/p><div class=\"translate-tooltip-mtz translator-hidden\"><div class=\"header\"><div class=\"header-controls\">Translator<\/div><div class=\"header-controls\">\u00a0<\/div><div class=\"header-controls\">\u00a0<\/div><\/div><div class=\"translated-text\"><div class=\"words\">\u00a0<\/div><div class=\"sentences\">\u00a0<\/div><\/div><\/div><p><audio class=\"audio-for-speech\"><\/audio><\/p><div class=\"translate-tooltip-mtz translator-hidden\"><div class=\"header\"><div class=\"header-controls\">Translator<\/div><div class=\"header-controls\">\u00a0<\/div><div class=\"header-controls\">\u00a0<\/div><\/div><div class=\"translated-text\"><div class=\"words\">\u00a0<\/div><div class=\"sentences\">\u00a0<\/div><\/div><\/div><div class=\"translate-tooltip-mtz translator-hidden\"><div class=\"header\"><div class=\"header-controls\">Translator<\/div><div class=\"header-controls\">\u00a0<\/div><div class=\"header-controls\">\u00a0<\/div><\/div><div class=\"translated-text\"><div class=\"words\">\u00a0<\/div><div class=\"sentences\">\u00a0<\/div><\/div><\/div><div class=\"translate-tooltip-mtz translator-hidden\"><div class=\"header\"><div class=\"header-controls\">Translator<\/div><div class=\"header-controls\">\u00a0<\/div><div class=\"header-controls\">\u00a0<\/div><\/div><div class=\"translated-text\"><div class=\"words\">\u00a0<\/div><div class=\"sentences\">\u00a0<\/div><\/div><\/div><ul><li><strong>Qualit\u00e9 et pr\u00e9cision<\/strong> : Des finitions irr\u00e9prochables qui font la diff\u00e9rence.<\/li><li><strong>\u00c9coute et conseils<\/strong> : Chaque projet est unique, nous adaptons nos solutions \u00e0 vos besoins.<\/li><li><strong>Durabilit\u00e9 et respect des normes<\/strong> : Des mat\u00e9riaux et techniques respectueux des standards les plus \u00e9lev\u00e9s.<\/li><\/ul><p>Faites confiance \u00e0 notre \u00e9quipe pour transformer vos espaces en un lieu o\u00f9 il fait bon vivre.<\/p>\t\t\t\t\t\t\t\t<\/div>\n\t\t\t\t<\/div>\n\t\t\t\t<\/div>\n\t\t\t\t<\/div>\n\t\t<div class=\"elementor-element elementor-element-4a92b02d e-con-full e-flex e-con e-parent\" data-id=\"4a92b02d\" data-element_type=\"container\" data-settings=\"{&quot;background_background&quot;:&quot;classic&quot;}\">\n\t\t<div class=\"elementor-element elementor-element-9604953 e-con-full e-flex e-con e-child\" data-id=\"9604953\" data-element_type=\"container\">\n\t\t\t\t<div class=\"elementor-element elementor-element-5cd01432 elementor-widget elementor-widget-image\" data-id=\"5cd01432\" data-element_type=\"widget\" data-widget_type=\"image.default\">\n\t\t\t\t<div class=\"elementor-widget-container\">\n\t\t\t\t\t\t\t\t\t\t\t\t\t\t\t<img decoding=\"async\" width=\"512\" height=\"279\" src=\"https:\/\/concept-renov.fr\/wp-content\/uploads\/2025\/01\/logo2-512.jpg\" class=\"attachment-large size-large wp-image-12\" alt=\"\" srcset=\"https:\/\/concept-renov.fr\/wp-content\/uploads\/2025\/01\/logo2-512.jpg 512w, https:\/\/concept-renov.fr\/wp-content\/uploads\/2025\/01\/logo2-512-300x163.jpg 300w\" sizes=\"(max-width: 512px) 100vw, 512px\" \/>\t\t\t\t\t\t\t\t\t\t\t\t\t\t\t<\/div>\n\t\t\t\t<\/div>\n\t\t\t\t<\/div>\n\t\t<div class=\"elementor-element elementor-element-6d0d01b2 e-con-full e-flex e-con e-child\" data-id=\"6d0d01b2\" data-element_type=\"container\">\n\t\t\t\t<div class=\"elementor-element elementor-element-8fa5970 elementor-widget__width-initial elementor-widget elementor-widget-heading\" data-id=\"8fa5970\" data-element_type=\"widget\" data-widget_type=\"heading.default\">\n\t\t\t\t<div class=\"elementor-widget-container\">\n\t\t\t\t\t<h1 class=\"elementor-heading-title elementor-size-default\">Contactez-nous d\u00e8s aujourd\u2019hui<\/h1>\t\t\t\t<\/div>\n\t\t\t\t<\/div>\n\t\t\t\t<div class=\"elementor-element elementor-element-65b8ef09 elementor-align-left elementor-icon-list--layout-traditional elementor-list-item-link-full_width elementor-widget elementor-widget-icon-list\" data-id=\"65b8ef09\" data-element_type=\"widget\" data-widget_type=\"icon-list.default\">\n\t\t\t\t<div class=\"elementor-widget-container\">\n\t\t\t\t\t\t\t<ul class=\"elementor-icon-list-items\">\n\t\t\t\t\t\t\t<li class=\"elementor-icon-list-item\">\n\t\t\t\t\t\t\t\t\t\t<span class=\"elementor-icon-list-text\"><b>Adresse:<\/b> 8 rueJean Baptiste Gambut 21200 Beaune <\/span>\n\t\t\t\t\t\t\t\t\t<\/li>\n\t\t\t\t\t\t\t\t<li class=\"elementor-icon-list-item\">\n\t\t\t\t\t\t\t\t\t\t<span class=\"elementor-icon-list-text\"><b>Tel:<\/b> 06-27-40-88-45<\/span>\n\t\t\t\t\t\t\t\t\t<\/li>\n\t\t\t\t\t\t\t\t<li class=\"elementor-icon-list-item\">\n\t\t\t\t\t\t\t\t\t\t<span class=\"elementor-icon-list-text\"><b>Email:<\/b> contact@concep-renov.fr<\/span>\n\t\t\t\t\t\t\t\t\t<\/li>\n\t\t\t\t\t\t<\/ul>\n\t\t\t\t\t\t<\/div>\n\t\t\t\t<\/div>\n\t\t\t\t<\/div>\n\t\t\t\t<\/div>\n\t\t<div class=\"elementor-element elementor-element-569096a9 e-con-full e-flex e-con e-parent\" data-id=\"569096a9\" data-element_type=\"container\">\n\t\t<div class=\"elementor-element elementor-element-1986bf12 e-con-full e-flex e-con e-child\" data-id=\"1986bf12\" data-element_type=\"container\" data-settings=\"{&quot;background_background&quot;:&quot;classic&quot;}\">\n\t\t\t\t<div class=\"elementor-element elementor-element-2396ad7 elementor-widget elementor-widget-google_maps\" data-id=\"2396ad7\" data-element_type=\"widget\" data-widget_type=\"google_maps.default\">\n\t\t\t\t<div class=\"elementor-widget-container\">\n\t\t\t\t\t\t\t<div class=\"elementor-custom-embed\">\n\t\t\t<iframe loading=\"lazy\"\n\t\t\t\t\tsrc=\"https:\/\/maps.google.com\/maps?q=impasse%20Jean%20Baptiste%20Gambut%2021200%20Beaune%20&#038;t=m&#038;z=13&#038;output=embed&#038;iwloc=near\"\n\t\t\t\t\ttitle=\"impasse Jean Baptiste Gambut 21200 Beaune \"\n\t\t\t\t\taria-label=\"impasse Jean Baptiste Gambut 21200 Beaune \"\n\t\t\t><\/iframe>\n\t\t<\/div>\n\t\t\t\t\t\t<\/div>\n\t\t\t\t<\/div>\n\t\t\t\t<\/div>\n\t\t<div class=\"elementor-element elementor-element-7c698a03 e-con-full e-flex e-con e-child\" data-id=\"7c698a03\" data-element_type=\"container\">\n\t\t\t\t<div class=\"elementor-element elementor-element-a5cb242 elementor-widget elementor-widget-heading\" data-id=\"a5cb242\" data-element_type=\"widget\" data-widget_type=\"heading.default\">\n\t\t\t\t<div class=\"elementor-widget-container\">\n\t\t\t\t\t<h2 class=\"elementor-heading-title elementor-size-default\">O\u00f9 somme nous<\/h2>\t\t\t\t<\/div>\n\t\t\t\t<\/div>\n\t\t\t\t<div class=\"elementor-element elementor-element-6285eb elementor-widget elementor-widget-icon-box\" data-id=\"6285eb\" data-element_type=\"widget\" data-widget_type=\"icon-box.default\">\n\t\t\t\t<div class=\"elementor-widget-container\">\n\t\t\t\t\t\t\t<div class=\"elementor-icon-box-wrapper\">\n\n\t\t\t\n\t\t\t\t\t\t<div class=\"elementor-icon-box-content\">\n\n\t\t\t\t\t\t\t\t\t<h4 class=\"elementor-icon-box-title\">\n\t\t\t\t\t\t<span  >\n\t\t\t\t\t\t\tAdresse:\t\t\t\t\t\t<\/span>\n\t\t\t\t\t<\/h4>\n\t\t\t\t\n\t\t\t\t\t\t\t\t\t<p class=\"elementor-icon-box-description\">\n\t\t\t\t\t\t8 rue Jean Baptiste Gambut 21200 Beaune \t\t\t\t\t<\/p>\n\t\t\t\t\n\t\t\t<\/div>\n\t\t\t\n\t\t<\/div>\n\t\t\t\t\t\t<\/div>\n\t\t\t\t<\/div>\n\t\t\t\t<\/div>\n\t\t\t\t<\/div>\n\t\t<footer class=\"elementor-element elementor-element-3219cff0 e-con-full e-flex e-con e-parent\" data-id=\"3219cff0\" data-element_type=\"container\">\n\t\t<div class=\"elementor-element elementor-element-3d9030b3 e-con-full e-flex e-con e-child\" data-id=\"3d9030b3\" data-element_type=\"container\">\n\t\t\t\t<div class=\"elementor-element elementor-element-4cc7560c elementor-widget elementor-widget-image\" data-id=\"4cc7560c\" data-element_type=\"widget\" data-widget_type=\"image.default\">\n\t\t\t\t<div class=\"elementor-widget-container\">\n\t\t\t\t\t\t\t\t\t\t\t\t\t\t\t<img decoding=\"async\" width=\"512\" height=\"512\" src=\"https:\/\/concept-renov.fr\/wp-content\/uploads\/2025\/01\/logo.png\" class=\"attachment-full size-full wp-image-10\" alt=\"\" srcset=\"https:\/\/concept-renov.fr\/wp-content\/uploads\/2025\/01\/logo.png 512w, https:\/\/concept-renov.fr\/wp-content\/uploads\/2025\/01\/logo-300x300.png 300w, https:\/\/concept-renov.fr\/wp-content\/uploads\/2025\/01\/logo-150x150.png 150w\" sizes=\"(max-width: 512px) 100vw, 512px\" \/>\t\t\t\t\t\t\t\t\t\t\t\t\t\t\t<\/div>\n\t\t\t\t<\/div>\n\t\t\t\t<\/div>\n\t\t<div class=\"elementor-element elementor-element-678df269 e-con-full e-flex e-con e-child\" data-id=\"678df269\" data-element_type=\"container\">\n\t\t\t\t<div class=\"elementor-element elementor-element-524fd781 elementor-icon-list--layout-inline elementor-tablet-align-center elementor-align-center elementor-list-item-link-full_width elementor-widget elementor-widget-icon-list\" data-id=\"524fd781\" data-element_type=\"widget\" data-widget_type=\"icon-list.default\">\n\t\t\t\t<div class=\"elementor-widget-container\">\n\t\t\t\t\t\t\t<ul class=\"elementor-icon-list-items elementor-inline-items\">\n\t\t\t\t\t\t\t<li class=\"elementor-icon-list-item elementor-inline-item\">\n\t\t\t\t\t\t\t\t\t\t<span class=\"elementor-icon-list-text\">T\u00e9l 06 27 40 88 45<\/span>\n\t\t\t\t\t\t\t\t\t<\/li>\n\t\t\t\t\t\t\t\t<li class=\"elementor-icon-list-item elementor-inline-item\">\n\t\t\t\t\t\t\t\t\t\t<span class=\"elementor-icon-list-text\">8 rue Jean Baptiste GAMBUT- 21200 - Beaune<\/span>\n\t\t\t\t\t\t\t\t\t<\/li>\n\t\t\t\t\t\t<\/ul>\n\t\t\t\t\t\t<\/div>\n\t\t\t\t<\/div>\n\t\t\t\t<\/div>\n\t\t<div class=\"elementor-element elementor-element-40a469ed e-con-full e-flex e-con e-child\" data-id=\"40a469ed\" data-element_type=\"container\">\n\t\t\t\t<div class=\"elementor-element elementor-element-6e5cd3c1 e-grid-align-right e-grid-align-tablet-right e-grid-align-mobile-center elementor-widget-mobile__width-inherit elementor-shape-rounded elementor-grid-0 elementor-widget elementor-widget-social-icons\" data-id=\"6e5cd3c1\" data-element_type=\"widget\" data-widget_type=\"social-icons.default\">\n\t\t\t\t<div class=\"elementor-widget-container\">\n\t\t\t\t\t\t\t<div class=\"elementor-social-icons-wrapper elementor-grid\">\n\t\t\t\t\t\t\t<span class=\"elementor-grid-item\">\n\t\t\t\t\t<a class=\"elementor-icon elementor-social-icon elementor-social-icon-facebook-f elementor-repeater-item-3f1b7ac\" target=\"_blank\">\n\t\t\t\t\t\t<span class=\"elementor-screen-only\">Facebook-f<\/span>\n\t\t\t\t\t\t<svg class=\"e-font-icon-svg e-fab-facebook-f\" viewBox=\"0 0 320 512\" xmlns=\"http:\/\/www.w3.org\/2000\/svg\"><path d=\"M279.14 288l14.22-92.66h-88.91v-60.13c0-25.35 12.42-50.06 52.24-50.06h40.42V6.26S260.43 0 225.36 0c-73.22 0-121.08 44.38-121.08 124.72v70.62H22.89V288h81.39v224h100.17V288z\"><\/path><\/svg>\t\t\t\t\t<\/a>\n\t\t\t\t<\/span>\n\t\t\t\t\t\t\t<span class=\"elementor-grid-item\">\n\t\t\t\t\t<a class=\"elementor-icon elementor-social-icon elementor-social-icon- elementor-repeater-item-5c0ce3c\" target=\"_blank\">\n\t\t\t\t\t\t<span class=\"elementor-screen-only\"><\/span>\n\t\t\t\t\t\t\t\t\t\t\t<\/a>\n\t\t\t\t<\/span>\n\t\t\t\t\t\t\t<span class=\"elementor-grid-item\">\n\t\t\t\t\t<a class=\"elementor-icon elementor-social-icon elementor-social-icon-twitter elementor-repeater-item-828f132\" target=\"_blank\">\n\t\t\t\t\t\t<span class=\"elementor-screen-only\">Twitter<\/span>\n\t\t\t\t\t\t<svg class=\"e-font-icon-svg e-fab-twitter\" viewBox=\"0 0 512 512\" xmlns=\"http:\/\/www.w3.org\/2000\/svg\"><path d=\"M459.37 151.716c.325 4.548.325 9.097.325 13.645 0 138.72-105.583 298.558-298.558 298.558-59.452 0-114.68-17.219-161.137-47.106 8.447.974 16.568 1.299 25.34 1.299 49.055 0 94.213-16.568 130.274-44.832-46.132-.975-84.792-31.188-98.112-72.772 6.498.974 12.995 1.624 19.818 1.624 9.421 0 18.843-1.3 27.614-3.573-48.081-9.747-84.143-51.98-84.143-102.985v-1.299c13.969 7.797 30.214 12.67 47.431 13.319-28.264-18.843-46.781-51.005-46.781-87.391 0-19.492 5.197-37.36 14.294-52.954 51.655 63.675 129.3 105.258 216.365 109.807-1.624-7.797-2.599-15.918-2.599-24.04 0-57.828 46.782-104.934 104.934-104.934 30.213 0 57.502 12.67 76.67 33.137 23.715-4.548 46.456-13.32 66.599-25.34-7.798 24.366-24.366 44.833-46.132 57.827 21.117-2.273 41.584-8.122 60.426-16.243-14.292 20.791-32.161 39.308-52.628 54.253z\"><\/path><\/svg>\t\t\t\t\t<\/a>\n\t\t\t\t<\/span>\n\t\t\t\t\t<\/div>\n\t\t\t\t\t\t<\/div>\n\t\t\t\t<\/div>\n\t\t\t\t<\/div>\n\t\t\t\t<\/footer>\n\t\t<div class=\"elementor-element elementor-element-24450f1d e-con-full e-flex e-con e-parent\" data-id=\"24450f1d\" data-element_type=\"container\" data-settings=\"{&quot;background_background&quot;:&quot;classic&quot;}\">\n\t\t\t\t<div class=\"elementor-element elementor-element-225ac297 elementor-widget elementor-widget-heading\" data-id=\"225ac297\" data-element_type=\"widget\" data-widget_type=\"heading.default\">\n\t\t\t\t<div class=\"elementor-widget-container\">\n\t\t\t\t\t<p class=\"elementor-heading-title elementor-size-default\">\u00a9 Tous droits r\u00e9serv\u00e9s<\/p>\t\t\t\t<\/div>\n\t\t\t\t<\/div>\n\t\t\t\t<\/div>\n\t\t\t\t<\/div>\n\t\t","protected":false},"excerpt":{"rendered":"<p>Bienvenue chez Concep-Renov Votre expert en Pl\u00e2trerie, Joints, Peinture et Isolation int\u00e9rieure Vous recherchez des professionnels qualifi\u00e9s pour donner vie \u00e0 vos projets de r\u00e9novation ou d\u2019am\u00e9nagement int\u00e9rieur ? Nous sommes l\u00e0 pour vous accompagner ! Sp\u00e9cialis\u00e9s dans les travaux de pl\u00e2trerie, la r\u00e9alisation de joints impeccables, la peinture sur mesure et l&#8217;optimisation de votre [&hellip;]<\/p>\n","protected":false},"author":1,"featured_media":0,"parent":0,"menu_order":0,"comment_status":"closed","ping_status":"closed","template":"","meta":{"footnotes":""},"class_list":["post-6","page","type-page","status-publish","hentry","entry"],"_links":{"self":[{"href":"https:\/\/concept-renov.fr\/index.php?rest_route=\/wp\/v2\/pages\/6","targetHints":{"allow":["GET"]}}],"collection":[{"href":"https:\/\/concept-renov.fr\/index.php?rest_route=\/wp\/v2\/pages"}],"about":[{"href":"https:\/\/concept-renov.fr\/index.php?rest_route=\/wp\/v2\/types\/page"}],"author":[{"embeddable":true,"href":"https:\/\/concept-renov.fr\/index.php?rest_route=\/wp\/v2\/users\/1"}],"replies":[{"embeddable":true,"href":"https:\/\/concept-renov.fr\/index.php?rest_route=%2Fwp%2Fv2%2Fcomments&post=6"}],"version-history":[{"count":7,"href":"https:\/\/concept-renov.fr\/index.php?rest_route=\/wp\/v2\/pages\/6\/revisions"}],"predecessor-version":[{"id":18,"href":"https:\/\/concept-renov.fr\/index.php?rest_route=\/wp\/v2\/pages\/6\/revisions\/18"}],"wp:attachment":[{"href":"https:\/\/concept-renov.fr\/index.php?rest_route=%2Fwp%2Fv2%2Fmedia&parent=6"}],"curies":[{"name":"wp","href":"https:\/\/api.w.org\/{rel}","templated":true}]}}